{"id":11354,"date":"2021-07-19T16:08:17","date_gmt":"2021-07-19T14:08:17","guid":{"rendered":"http:\/\/marinobus.it\/noleggia-un-autobus\/"},"modified":"2022-07-05T14:40:17","modified_gmt":"2022-07-05T12:40:17","slug":"rent-a-bus","status":"publish","type":"page","link":"https:\/\/marinobus.it\/en\/rent-a-bus\/","title":{"rendered":"Rent a Bus"},"content":{"rendered":"<p>MarinoBus, oltre ai servizi di linea, effettua anche l\u2019attivit\u00e0 di noleggio autobus con conducente.<\/p>\n<p>Nel settore del noleggio turistico siamo riusciti a raggiungere un livello di qualit\u00e0 molto elevata, disponendo di un parco autobus di recentissima costruzione, dotati di tutti i comfort che ogni anno compiono migliaia di viaggi lungo le strade di tutta Europa.<\/p>\n<p>MarinoBus rappresenta il partner ideale per turismo scolastico, aziendale e religioso.<\/p>\n<p>La nostra divisione Noleggi \u00e8 a vostra completa disposizione per assistervi e consigliarvi nella realizzazione delle vostre iniziative turistiche, oltre che per informazioni e preventivi.<br \/>\nPer richiedere il noleggio di un automezzo, compilate il seguente modulo con le informazioni che descrivono le vostre necessit\u00e0, sar\u00e0 nostra cura contattarvi e proporvi le soluzioni pi\u00f9 adeguate.<\/p>\n","protected":false},"excerpt":{"rendered":"<p>MarinoBus, oltre ai servizi di linea, effettua anche l\u2019attivit\u00e0 di noleggio autobus con conducente. Nel settore del noleggio turistico siamo riusciti a raggiungere un livello di qualit\u00e0 molto elevata, disponendo di un parco autobus di recentissima costruzione, dotati di tutti i comfort che ogni anno compiono migliaia di viaggi lungo le strade di tutta Europa. <a href=\"https:\/\/marinobus.it\/en\/rent-a-bus\/\" class=\"more-link\">&#8230;<\/a><\/p>\n","protected":false},"author":1,"featured_media":0,"parent":0,"menu_order":0,"comment_status":"closed","ping_status":"closed","template":"template-noleggio.php","meta":{"_acf_changed":false,"footnotes":""},"class_list":["grid-item","post-11354","page","type-page","status-publish","hentry"],"acf":[],"yoast_head":"<!-- This site is optimized with the Yoast SEO plugin v24.3 - https:\/\/yoast.com\/wordpress\/plugins\/seo\/ -->\n<title>Rent a Bus - MarinoBus<\/title>\n<meta name=\"robots\" content=\"index, follow, max-snippet:-1, max-image-preview:large, max-video-preview:-1\" \/>\n<link rel=\"canonical\" href=\"https:\/\/marinobus.it\/en\/rent-a-bus\/\" \/>\n<meta property=\"og:locale\" content=\"en_US\" \/>\n<meta property=\"og:type\" content=\"article\" \/>\n<meta property=\"og:title\" content=\"Rent a Bus - MarinoBus\" \/>\n<meta property=\"og:description\" content=\"MarinoBus, oltre ai servizi di linea, effettua anche l\u2019attivit\u00e0 di noleggio autobus con conducente. Nel settore del noleggio turistico siamo riusciti a raggiungere un livello di qualit\u00e0 molto elevata, disponendo di un parco autobus di recentissima costruzione, dotati di tutti i comfort che ogni anno compiono migliaia di viaggi lungo le strade di tutta Europa. ...\" \/>\n<meta property=\"og:url\" content=\"https:\/\/marinobus.it\/en\/rent-a-bus\/\" \/>\n<meta property=\"og:site_name\" content=\"MarinoBus\" \/>\n<meta property=\"article:modified_time\" content=\"2022-07-05T12:40:17+00:00\" \/>\n<meta name=\"twitter:card\" content=\"summary_large_image\" \/>\n<meta name=\"twitter:label1\" content=\"Est. reading time\" \/>\n\t<meta name=\"twitter:data1\" content=\"1 minute\" \/>\n<script type=\"application\/ld+json\" class=\"yoast-schema-graph\">{\"@context\":\"https:\/\/schema.org\",\"@graph\":[{\"@type\":\"WebPage\",\"@id\":\"https:\/\/marinobus.it\/en\/rent-a-bus\/\",\"url\":\"https:\/\/marinobus.it\/en\/rent-a-bus\/\",\"name\":\"Rent a Bus - MarinoBus\",\"isPartOf\":{\"@id\":\"https:\/\/marinobus.it\/#website\"},\"datePublished\":\"2021-07-19T14:08:17+00:00\",\"dateModified\":\"2022-07-05T12:40:17+00:00\",\"breadcrumb\":{\"@id\":\"https:\/\/marinobus.it\/en\/rent-a-bus\/#breadcrumb\"},\"inLanguage\":\"en-US\",\"potentialAction\":[{\"@type\":\"ReadAction\",\"target\":[\"https:\/\/marinobus.it\/en\/rent-a-bus\/\"]}]},{\"@type\":\"BreadcrumbList\",\"@id\":\"https:\/\/marinobus.it\/en\/rent-a-bus\/#breadcrumb\",\"itemListElement\":[{\"@type\":\"ListItem\",\"position\":1,\"name\":\"Home\",\"item\":\"https:\/\/marinobus.it\/en\/\"},{\"@type\":\"ListItem\",\"position\":2,\"name\":\"Rent a Bus\"}]},{\"@type\":\"WebSite\",\"@id\":\"https:\/\/marinobus.it\/#website\",\"url\":\"https:\/\/marinobus.it\/\",\"name\":\"MarinoBus\",\"description\":\"\",\"potentialAction\":[{\"@type\":\"SearchAction\",\"target\":{\"@type\":\"EntryPoint\",\"urlTemplate\":\"https:\/\/marinobus.it\/?s={search_term_string}\"},\"query-input\":{\"@type\":\"PropertyValueSpecification\",\"valueRequired\":true,\"valueName\":\"search_term_string\"}}],\"inLanguage\":\"en-US\"}]}<\/script>\n<!-- \/ Yoast SEO plugin. -->","yoast_head_json":{"title":"Rent a Bus - MarinoBus","robots":{"index":"index","follow":"follow","max-snippet":"max-snippet:-1","max-image-preview":"max-image-preview:large","max-video-preview":"max-video-preview:-1"},"canonical":"https:\/\/marinobus.it\/en\/rent-a-bus\/","og_locale":"en_US","og_type":"article","og_title":"Rent a Bus - MarinoBus","og_description":"MarinoBus, oltre ai servizi di linea, effettua anche l\u2019attivit\u00e0 di noleggio autobus con conducente. Nel settore del noleggio turistico siamo riusciti a raggiungere un livello di qualit\u00e0 molto elevata, disponendo di un parco autobus di recentissima costruzione, dotati di tutti i comfort che ogni anno compiono migliaia di viaggi lungo le strade di tutta Europa. ...","og_url":"https:\/\/marinobus.it\/en\/rent-a-bus\/","og_site_name":"MarinoBus","article_modified_time":"2022-07-05T12:40:17+00:00","twitter_card":"summary_large_image","twitter_misc":{"Est. reading time":"1 minute"},"schema":{"@context":"https:\/\/schema.org","@graph":[{"@type":"WebPage","@id":"https:\/\/marinobus.it\/en\/rent-a-bus\/","url":"https:\/\/marinobus.it\/en\/rent-a-bus\/","name":"Rent a Bus - MarinoBus","isPartOf":{"@id":"https:\/\/marinobus.it\/#website"},"datePublished":"2021-07-19T14:08:17+00:00","dateModified":"2022-07-05T12:40:17+00:00","breadcrumb":{"@id":"https:\/\/marinobus.it\/en\/rent-a-bus\/#breadcrumb"},"inLanguage":"en-US","potentialAction":[{"@type":"ReadAction","target":["https:\/\/marinobus.it\/en\/rent-a-bus\/"]}]},{"@type":"BreadcrumbList","@id":"https:\/\/marinobus.it\/en\/rent-a-bus\/#breadcrumb","itemListElement":[{"@type":"ListItem","position":1,"name":"Home","item":"https:\/\/marinobus.it\/en\/"},{"@type":"ListItem","position":2,"name":"Rent a Bus"}]},{"@type":"WebSite","@id":"https:\/\/marinobus.it\/#website","url":"https:\/\/marinobus.it\/","name":"MarinoBus","description":"","potentialAction":[{"@type":"SearchAction","target":{"@type":"EntryPoint","urlTemplate":"https:\/\/marinobus.it\/?s={search_term_string}"},"query-input":{"@type":"PropertyValueSpecification","valueRequired":true,"valueName":"search_term_string"}}],"inLanguage":"en-US"}]}},"_links":{"self":[{"href":"https:\/\/marinobus.it\/en\/wp-json\/wp\/v2\/pages\/11354","targetHints":{"allow":["GET"]}}],"collection":[{"href":"https:\/\/marinobus.it\/en\/wp-json\/wp\/v2\/pages"}],"about":[{"href":"https:\/\/marinobus.it\/en\/wp-json\/wp\/v2\/types\/page"}],"author":[{"embeddable":true,"href":"https:\/\/marinobus.it\/en\/wp-json\/wp\/v2\/users\/1"}],"replies":[{"embeddable":true,"href":"https:\/\/marinobus.it\/en\/wp-json\/wp\/v2\/comments?post=11354"}],"version-history":[{"count":3,"href":"https:\/\/marinobus.it\/en\/wp-json\/wp\/v2\/pages\/11354\/revisions"}],"predecessor-version":[{"id":12391,"href":"https:\/\/marinobus.it\/en\/wp-json\/wp\/v2\/pages\/11354\/revisions\/12391"}],"wp:attachment":[{"href":"https:\/\/marinobus.it\/en\/wp-json\/wp\/v2\/media?parent=11354"}],"curies":[{"name":"wp","href":"https:\/\/api.w.org\/{rel}","templated":true}]}}